{"id":7,"date":"2019-01-27T02:00:58","date_gmt":"2019-01-27T01:00:58","guid":{"rendered":"http:\/\/fanaye.com\/?page_id=7"},"modified":"2019-02-09T12:29:12","modified_gmt":"2019-02-09T11:29:12","slug":"qui-sommes-nous","status":"publish","type":"page","link":"https:\/\/fanaye.com\/index.php\/qui-sommes-nous\/","title":{"rendered":"Qui sommes nous"},"content":{"rendered":"<p>FARENA (Fanaye Renaissance) a \u00e9t\u00e9 cr\u00e9\u00e9e \u00e0 Bagneux le 1<sup>er<\/sup>\u00a0Juin 2000. FARENA regroupe tous les ressortissants de Fanaye en France.<\/p>\n<p>Fanaye est compos\u00e9 de cinq quartiers (Fanaye Walo, Fanaye Di\u00e9ri, Niakwar, Salnd\u00e9 et Wouro Alseyni). Chef lieu de communaut\u00e9 rurale, le village de Fanaye se situe au Nord du S\u00e9n\u00e9gal sur la rive droite du fleuve, dans le D\u00e9partement de Podor, R\u00e9gion de Saint-Louis. Sa population est estim\u00e9e \u00e0 environ 9000 habitants.<\/p>\n<p>L\u2019association est n\u00e9e du d\u00e9sir de la diaspora \u00ab\u00a0fanayoise\u00a0\u00bb en France de contribuer et\/ou de mettre en \u0153uvre des projets \u00e9conomiques et sociaux pouvant am\u00e9liorer les conditions de vie de leurs cong\u00e9n\u00e8res \u00e9prouv\u00e9s par la s\u00e9cheresse et autres calamit\u00e9s.<\/p>\n<p>FARENA est dirig\u00e9 par un bureau compos\u00e9 de cinq membres \u00e9lus pour un mandat de deux ans par l\u2019Assembl\u00e9e g\u00e9n\u00e9rale<\/p>\n<ul>\n<li>Un Pr\u00e9sident.<\/li>\n<li>Un Vice-pr\u00e9sident.<\/li>\n<li>Un Secr\u00e9taire G\u00e9n\u00e9ral.<\/li>\n<li>Un secr\u00e9taire G\u00e9n\u00e9ral Adjoint<\/li>\n<li>Un Tr\u00e9sorier.<\/li>\n<li>Un Tr\u00e9sorier adjoint.<\/li>\n<\/ul>\n<p>Ainsi qu&rsquo;une \u00e9quipe nomm\u00e9e \u00ab\u00a0Bureau \u00e9largie\u00a0\u00bb qui a pour r\u00f4le d&rsquo;aider la d\u00e9cision et \u00e0 l&rsquo;orientation vers des projets majeurs.<\/p>\n<p><strong><u>NOS DOMAINES D\u2019ACTIVITES<\/u><\/strong><\/p>\n<p><img loading=\"lazy\" decoding=\"async\" class=\" wp-image-73 aligncenter\" src=\"http:\/\/farena.expertisesenegal.com\/wp-content\/uploads\/2018\/12\/DOM-300x236.jpg\" sizes=\"(max-width: 710px) 100vw, 710px\" srcset=\"http:\/\/farena.expertisesenegal.com\/wp-content\/uploads\/2018\/12\/DOM-300x236.jpg 300w, http:\/\/farena.expertisesenegal.com\/wp-content\/uploads\/2018\/12\/DOM.jpg 371w\" alt=\"\" width=\"710\" height=\"559\" \/><\/p>\n","protected":false},"excerpt":{"rendered":"<p>FARENA (Fanaye Renaissance) a \u00e9t\u00e9 cr\u00e9\u00e9e \u00e0 Bagneux le 1er\u00a0Juin 2000. FARENA regroupe tous les ressortissants de Fanaye en France. Fanaye est compos\u00e9 de cinq quartiers (Fanaye Walo, Fanaye Di\u00e9ri, Niakwar, Salnd\u00e9 et Wouro Alseyni). Chef lieu de communaut\u00e9 rurale, le village de Fanaye se situe au Nord du S\u00e9n\u00e9gal sur la rive droite du [&hellip;]<\/p>\n","protected":false},"author":1,"featured_media":0,"parent":0,"menu_order":0,"comment_status":"closed","ping_status":"closed","template":"","meta":{"footnotes":""},"_links":{"self":[{"href":"https:\/\/fanaye.com\/index.php\/wp-json\/wp\/v2\/pages\/7"}],"collection":[{"href":"https:\/\/fanaye.com\/index.php\/wp-json\/wp\/v2\/pages"}],"about":[{"href":"https:\/\/fanaye.com\/index.php\/wp-json\/wp\/v2\/types\/page"}],"author":[{"embeddable":true,"href":"https:\/\/fanaye.com\/index.php\/wp-json\/wp\/v2\/users\/1"}],"replies":[{"embeddable":true,"href":"https:\/\/fanaye.com\/index.php\/wp-json\/wp\/v2\/comments?post=7"}],"version-history":[{"count":2,"href":"https:\/\/fanaye.com\/index.php\/wp-json\/wp\/v2\/pages\/7\/revisions"}],"predecessor-version":[{"id":230,"href":"https:\/\/fanaye.com\/index.php\/wp-json\/wp\/v2\/pages\/7\/revisions\/230"}],"wp:attachment":[{"href":"https:\/\/fanaye.com\/index.php\/wp-json\/wp\/v2\/media?parent=7"}],"curies":[{"name":"wp","href":"https:\/\/api.w.org\/{rel}","templated":true}]}}