{"id":52,"date":"2019-01-27T04:12:02","date_gmt":"2019-01-27T03:12:02","guid":{"rendered":"http:\/\/fanaye.com\/?page_id=52"},"modified":"2019-02-10T13:07:18","modified_gmt":"2019-02-10T12:07:18","slug":"solaire","status":"publish","type":"page","link":"https:\/\/fanaye.com\/index.php\/solaire\/","title":{"rendered":"Solaire: une \u00e9nergie PROPRE"},"content":{"rendered":"\n<p>La fondation HOFFMANN a financ\u00e9 la totalit\u00e9 du projet d\u2019\u00e9lectrification du lyc\u00e9e.  Le lyc\u00e9e moderne de Fanaye est \u00e9quip\u00e9 d&rsquo;un syst\u00e8me solaire qui prend enti\u00e8rement en charge tous les \u00e9quipements des salles de classe et les points lumineux et des toilettes. <br>A ce jour ce syst\u00e8me solaire permet au lyc\u00e9e d\u2019\u00eatre autonome en \u00e9nergie, une \u00e9nergie PROPRE. Le lyc\u00e9e n&rsquo;est pas raccord\u00e9 au au r\u00e9seau \u00e9lectrique de la commune ( Fevrier 2019).<\/p>\n\n\n\n<p><br><br>   <\/p>\n","protected":false},"excerpt":{"rendered":"<p>La fondation HOFFMANN a financ\u00e9 la totalit\u00e9 du projet d\u2019\u00e9lectrification du lyc\u00e9e. Le lyc\u00e9e moderne de Fanaye est \u00e9quip\u00e9 d&rsquo;un syst\u00e8me solaire qui prend enti\u00e8rement en charge tous les \u00e9quipements des salles de classe et les points lumineux et des toilettes. A ce jour ce syst\u00e8me solaire permet au lyc\u00e9e d\u2019\u00eatre autonome en \u00e9nergie, une [&hellip;]<\/p>\n","protected":false},"author":1,"featured_media":59,"parent":0,"menu_order":0,"comment_status":"closed","ping_status":"closed","template":"","meta":{"footnotes":""},"_links":{"self":[{"href":"https:\/\/fanaye.com\/index.php\/wp-json\/wp\/v2\/pages\/52"}],"collection":[{"href":"https:\/\/fanaye.com\/index.php\/wp-json\/wp\/v2\/pages"}],"about":[{"href":"https:\/\/fanaye.com\/index.php\/wp-json\/wp\/v2\/types\/page"}],"author":[{"embeddable":true,"href":"https:\/\/fanaye.com\/index.php\/wp-json\/wp\/v2\/users\/1"}],"replies":[{"embeddable":true,"href":"https:\/\/fanaye.com\/index.php\/wp-json\/wp\/v2\/comments?post=52"}],"version-history":[{"count":7,"href":"https:\/\/fanaye.com\/index.php\/wp-json\/wp\/v2\/pages\/52\/revisions"}],"predecessor-version":[{"id":238,"href":"https:\/\/fanaye.com\/index.php\/wp-json\/wp\/v2\/pages\/52\/revisions\/238"}],"wp:featuredmedia":[{"embeddable":true,"href":"https:\/\/fanaye.com\/index.php\/wp-json\/wp\/v2\/media\/59"}],"wp:attachment":[{"href":"https:\/\/fanaye.com\/index.php\/wp-json\/wp\/v2\/media?parent=52"}],"curies":[{"name":"wp","href":"https:\/\/api.w.org\/{rel}","templated":true}]}}