{"id":249,"date":"2019-02-16T19:59:38","date_gmt":"2019-02-16T18:59:38","guid":{"rendered":"http:\/\/fanaye.com\/?page_id=249"},"modified":"2019-02-16T20:31:43","modified_gmt":"2019-02-16T19:31:43","slug":"inauguration-du-lycee","status":"publish","type":"page","link":"https:\/\/fanaye.com\/index.php\/inauguration-du-lycee\/","title":{"rendered":"Inauguration du Lyc\u00e9e"},"content":{"rendered":"\n<p>Le 27 octobre 2017, SE <strong>Christophe BIGOT <\/strong>Ambassadeur de France au S\u00e9n\u00e9gal, sa d\u00e9l\u00e9gation, l&rsquo;association <strong>Farena<\/strong> et toute la commune de Fanaye inaugurent le lyc\u00e9e Moderne de Fanaye. <\/p>\n\n\n\n<figure class=\"wp-block-image is-resized\"><img loading=\"lazy\" decoding=\"async\" src=\"http:\/\/fanaye.com\/wp-content\/uploads\/2019\/02\/ArriveeAmbassadeur.jpg\" alt=\"\" class=\"wp-image-259\" width=\"580\" height=\"326\" srcset=\"https:\/\/fanaye.com\/wp-content\/uploads\/2019\/02\/ArriveeAmbassadeur.jpg 960w, https:\/\/fanaye.com\/wp-content\/uploads\/2019\/02\/ArriveeAmbassadeur-300x169.jpg 300w, https:\/\/fanaye.com\/wp-content\/uploads\/2019\/02\/ArriveeAmbassadeur-768x432.jpg 768w\" sizes=\"(max-width: 580px) 100vw, 580px\" \/><\/figure>\n\n\n\n<ul class=\"wp-block-gallery columns-3 is-cropped wp-block-gallery-1 is-layout-flex wp-block-gallery-is-layout-flex\"><li class=\"blocks-gallery-item\"><figure><img loading=\"lazy\" decoding=\"async\" width=\"1024\" height=\"576\" src=\"http:\/\/fanaye.com\/wp-content\/uploads\/2019\/01\/IMG-20171028-WA0042-1024x576.jpg\" alt=\"\" data-id=\"160\" data-link=\"http:\/\/fanaye.com\/index.php\/farena-en-images\/img-20171028-wa0042\/\" class=\"wp-image-160\" srcset=\"https:\/\/fanaye.com\/wp-content\/uploads\/2019\/01\/IMG-20171028-WA0042-1024x576.jpg 1024w, https:\/\/fanaye.com\/wp-content\/uploads\/2019\/01\/IMG-20171028-WA0042-300x169.jpg 300w, https:\/\/fanaye.com\/wp-content\/uploads\/2019\/01\/IMG-20171028-WA0042-768x432.jpg 768w, https:\/\/fanaye.com\/wp-content\/uploads\/2019\/01\/IMG-20171028-WA0042.jpg 1080w\" sizes=\"(max-width: 1024px) 100vw, 1024px\" \/><\/figure><\/li><li class=\"blocks-gallery-item\"><figure><img loading=\"lazy\" decoding=\"async\" width=\"1024\" height=\"576\" src=\"http:\/\/fanaye.com\/wp-content\/uploads\/2019\/01\/IMG-20171028-WA0049-1024x576.jpg\" alt=\"\" data-id=\"154\" data-link=\"http:\/\/fanaye.com\/index.php\/farena-en-images\/img-20171028-wa0049\/\" class=\"wp-image-154\" srcset=\"https:\/\/fanaye.com\/wp-content\/uploads\/2019\/01\/IMG-20171028-WA0049-1024x576.jpg 1024w, https:\/\/fanaye.com\/wp-content\/uploads\/2019\/01\/IMG-20171028-WA0049-300x169.jpg 300w, https:\/\/fanaye.com\/wp-content\/uploads\/2019\/01\/IMG-20171028-WA0049-768x432.jpg 768w, https:\/\/fanaye.com\/wp-content\/uploads\/2019\/01\/IMG-20171028-WA0049.jpg 1080w\" sizes=\"(max-width: 1024px) 100vw, 1024px\" \/><\/figure><\/li><li class=\"blocks-gallery-item\"><figure><img loading=\"lazy\" decoding=\"async\" width=\"1024\" height=\"576\" src=\"http:\/\/fanaye.com\/wp-content\/uploads\/2019\/01\/IMG-20171029-WA0000-1024x576.jpg\" alt=\"\" data-id=\"155\" data-link=\"http:\/\/fanaye.com\/index.php\/farena-en-images\/img-20171029-wa0000\/\" class=\"wp-image-155\" srcset=\"https:\/\/fanaye.com\/wp-content\/uploads\/2019\/01\/IMG-20171029-WA0000-1024x576.jpg 1024w, https:\/\/fanaye.com\/wp-content\/uploads\/2019\/01\/IMG-20171029-WA0000-300x169.jpg 300w, https:\/\/fanaye.com\/wp-content\/uploads\/2019\/01\/IMG-20171029-WA0000-768x432.jpg 768w, https:\/\/fanaye.com\/wp-content\/uploads\/2019\/01\/IMG-20171029-WA0000.jpg 1080w\" sizes=\"(max-width: 1024px) 100vw, 1024px\" \/><\/figure><\/li><li class=\"blocks-gallery-item\"><figure><img loading=\"lazy\" decoding=\"async\" width=\"1024\" height=\"576\" src=\"http:\/\/fanaye.com\/wp-content\/uploads\/2019\/01\/IMG-20171029-WA0001-1024x576.jpg\" alt=\"\" data-id=\"156\" data-link=\"http:\/\/fanaye.com\/index.php\/farena-en-images\/img-20171029-wa0001\/\" class=\"wp-image-156\" srcset=\"https:\/\/fanaye.com\/wp-content\/uploads\/2019\/01\/IMG-20171029-WA0001-1024x576.jpg 1024w, https:\/\/fanaye.com\/wp-content\/uploads\/2019\/01\/IMG-20171029-WA0001-300x169.jpg 300w, https:\/\/fanaye.com\/wp-content\/uploads\/2019\/01\/IMG-20171029-WA0001-768x432.jpg 768w, https:\/\/fanaye.com\/wp-content\/uploads\/2019\/01\/IMG-20171029-WA0001.jpg 1080w\" sizes=\"(max-width: 1024px) 100vw, 1024px\" \/><\/figure><\/li><li class=\"blocks-gallery-item\"><figure><img loading=\"lazy\" decoding=\"async\" width=\"1024\" height=\"576\" src=\"http:\/\/fanaye.com\/wp-content\/uploads\/2019\/01\/IMG-20171030-WA0108-1024x576.jpg\" alt=\"\" data-id=\"157\" data-link=\"http:\/\/fanaye.com\/index.php\/farena-en-images\/img-20171030-wa0108\/\" class=\"wp-image-157\" srcset=\"https:\/\/fanaye.com\/wp-content\/uploads\/2019\/01\/IMG-20171030-WA0108-1024x576.jpg 1024w, https:\/\/fanaye.com\/wp-content\/uploads\/2019\/01\/IMG-20171030-WA0108-300x169.jpg 300w, https:\/\/fanaye.com\/wp-content\/uploads\/2019\/01\/IMG-20171030-WA0108-768x432.jpg 768w, https:\/\/fanaye.com\/wp-content\/uploads\/2019\/01\/IMG-20171030-WA0108.jpg 1080w\" sizes=\"(max-width: 1024px) 100vw, 1024px\" \/><\/figure><\/li><li class=\"blocks-gallery-item\"><figure><img loading=\"lazy\" decoding=\"async\" width=\"1024\" height=\"576\" src=\"http:\/\/fanaye.com\/wp-content\/uploads\/2019\/01\/IMG-20171030-WA0121-1024x576.jpg\" alt=\"\" data-id=\"158\" data-link=\"http:\/\/fanaye.com\/index.php\/farena-en-images\/img-20171030-wa0121\/\" class=\"wp-image-158\" srcset=\"https:\/\/fanaye.com\/wp-content\/uploads\/2019\/01\/IMG-20171030-WA0121-1024x576.jpg 1024w, https:\/\/fanaye.com\/wp-content\/uploads\/2019\/01\/IMG-20171030-WA0121-300x169.jpg 300w, https:\/\/fanaye.com\/wp-content\/uploads\/2019\/01\/IMG-20171030-WA0121-768x432.jpg 768w, https:\/\/fanaye.com\/wp-content\/uploads\/2019\/01\/IMG-20171030-WA0121.jpg 1080w\" sizes=\"(max-width: 1024px) 100vw, 1024px\" \/><\/figure><\/li><li class=\"blocks-gallery-item\"><figure><img loading=\"lazy\" decoding=\"async\" width=\"1024\" height=\"576\" src=\"http:\/\/fanaye.com\/wp-content\/uploads\/2019\/01\/IMG-20171030-WA0128-Copie-1024x576.jpg\" alt=\"\" data-id=\"159\" data-link=\"http:\/\/fanaye.com\/index.php\/farena-en-images\/img-20171030-wa0128-copie\/\" class=\"wp-image-159\" srcset=\"https:\/\/fanaye.com\/wp-content\/uploads\/2019\/01\/IMG-20171030-WA0128-Copie-1024x576.jpg 1024w, https:\/\/fanaye.com\/wp-content\/uploads\/2019\/01\/IMG-20171030-WA0128-Copie-300x169.jpg 300w, https:\/\/fanaye.com\/wp-content\/uploads\/2019\/01\/IMG-20171030-WA0128-Copie-768x432.jpg 768w, https:\/\/fanaye.com\/wp-content\/uploads\/2019\/01\/IMG-20171030-WA0128-Copie.jpg 1080w\" sizes=\"(max-width: 1024px) 100vw, 1024px\" \/><\/figure><\/li><li class=\"blocks-gallery-item\"><figure><img loading=\"lazy\" decoding=\"async\" width=\"1024\" height=\"576\" src=\"http:\/\/fanaye.com\/wp-content\/uploads\/2019\/01\/IMG-20171028-WA0048-1024x576.jpg\" alt=\"\" data-id=\"153\" data-link=\"http:\/\/fanaye.com\/index.php\/farena-en-images\/img-20171028-wa0048\/\" class=\"wp-image-153\" srcset=\"https:\/\/fanaye.com\/wp-content\/uploads\/2019\/01\/IMG-20171028-WA0048-1024x576.jpg 1024w, https:\/\/fanaye.com\/wp-content\/uploads\/2019\/01\/IMG-20171028-WA0048-300x169.jpg 300w, https:\/\/fanaye.com\/wp-content\/uploads\/2019\/01\/IMG-20171028-WA0048-768x432.jpg 768w, https:\/\/fanaye.com\/wp-content\/uploads\/2019\/01\/IMG-20171028-WA0048.jpg 1080w\" sizes=\"(max-width: 1024px) 100vw, 1024px\" \/><\/figure><\/li><li class=\"blocks-gallery-item\"><figure><img loading=\"lazy\" decoding=\"async\" width=\"1024\" height=\"576\" src=\"http:\/\/fanaye.com\/wp-content\/uploads\/2019\/01\/IMG-20171028-WA0047-1024x576.jpg\" alt=\"\" data-id=\"152\" data-link=\"http:\/\/fanaye.com\/index.php\/farena-en-images\/img-20171028-wa0047\/\" class=\"wp-image-152\" srcset=\"https:\/\/fanaye.com\/wp-content\/uploads\/2019\/01\/IMG-20171028-WA0047-1024x576.jpg 1024w, https:\/\/fanaye.com\/wp-content\/uploads\/2019\/01\/IMG-20171028-WA0047-300x169.jpg 300w, https:\/\/fanaye.com\/wp-content\/uploads\/2019\/01\/IMG-20171028-WA0047-768x432.jpg 768w, https:\/\/fanaye.com\/wp-content\/uploads\/2019\/01\/IMG-20171028-WA0047.jpg 1080w\" sizes=\"(max-width: 1024px) 100vw, 1024px\" \/><\/figure><\/li><li class=\"blocks-gallery-item\"><figure><img loading=\"lazy\" decoding=\"async\" width=\"1024\" height=\"576\" src=\"http:\/\/fanaye.com\/wp-content\/uploads\/2019\/01\/IMG-20171028-WA0045-1024x576.jpg\" alt=\"\" data-id=\"151\" data-link=\"http:\/\/fanaye.com\/index.php\/farena-en-images\/img-20171028-wa0045\/\" class=\"wp-image-151\" srcset=\"https:\/\/fanaye.com\/wp-content\/uploads\/2019\/01\/IMG-20171028-WA0045-1024x576.jpg 1024w, https:\/\/fanaye.com\/wp-content\/uploads\/2019\/01\/IMG-20171028-WA0045-300x169.jpg 300w, https:\/\/fanaye.com\/wp-content\/uploads\/2019\/01\/IMG-20171028-WA0045-768x432.jpg 768w, https:\/\/fanaye.com\/wp-content\/uploads\/2019\/01\/IMG-20171028-WA0045.jpg 1080w\" sizes=\"(max-width: 1024px) 100vw, 1024px\" \/><\/figure><\/li><li class=\"blocks-gallery-item\"><figure><img loading=\"lazy\" decoding=\"async\" width=\"1024\" height=\"576\" src=\"http:\/\/fanaye.com\/wp-content\/uploads\/2019\/01\/IMG-20171028-WA0041-1024x576.jpg\" alt=\"\" data-id=\"150\" data-link=\"http:\/\/fanaye.com\/index.php\/farena-en-images\/img-20171028-wa0041\/\" class=\"wp-image-150\" srcset=\"https:\/\/fanaye.com\/wp-content\/uploads\/2019\/01\/IMG-20171028-WA0041-1024x576.jpg 1024w, https:\/\/fanaye.com\/wp-content\/uploads\/2019\/01\/IMG-20171028-WA0041-300x169.jpg 300w, https:\/\/fanaye.com\/wp-content\/uploads\/2019\/01\/IMG-20171028-WA0041-768x432.jpg 768w, https:\/\/fanaye.com\/wp-content\/uploads\/2019\/01\/IMG-20171028-WA0041.jpg 1080w\" sizes=\"(max-width: 1024px) 100vw, 1024px\" \/><\/figure><\/li><li class=\"blocks-gallery-item\"><figure><img loading=\"lazy\" decoding=\"async\" width=\"1024\" height=\"576\" src=\"http:\/\/fanaye.com\/wp-content\/uploads\/2019\/01\/IMG-20171028-WA0040-1024x576.jpg\" alt=\"\" data-id=\"149\" data-link=\"http:\/\/fanaye.com\/index.php\/farena-en-images\/img-20171028-wa0040\/\" class=\"wp-image-149\" srcset=\"https:\/\/fanaye.com\/wp-content\/uploads\/2019\/01\/IMG-20171028-WA0040-1024x576.jpg 1024w, https:\/\/fanaye.com\/wp-content\/uploads\/2019\/01\/IMG-20171028-WA0040-300x169.jpg 300w, https:\/\/fanaye.com\/wp-content\/uploads\/2019\/01\/IMG-20171028-WA0040-768x432.jpg 768w, https:\/\/fanaye.com\/wp-content\/uploads\/2019\/01\/IMG-20171028-WA0040.jpg 1080w\" sizes=\"(max-width: 1024px) 100vw, 1024px\" \/><\/figure><\/li><li class=\"blocks-gallery-item\"><figure><img loading=\"lazy\" decoding=\"async\" width=\"1024\" height=\"576\" src=\"http:\/\/fanaye.com\/wp-content\/uploads\/2019\/01\/IMG-20171028-WA0038-1024x576.jpg\" alt=\"\" data-id=\"148\" data-link=\"http:\/\/fanaye.com\/index.php\/farena-en-images\/img-20171028-wa0038\/\" class=\"wp-image-148\" srcset=\"https:\/\/fanaye.com\/wp-content\/uploads\/2019\/01\/IMG-20171028-WA0038-1024x576.jpg 1024w, https:\/\/fanaye.com\/wp-content\/uploads\/2019\/01\/IMG-20171028-WA0038-300x169.jpg 300w, https:\/\/fanaye.com\/wp-content\/uploads\/2019\/01\/IMG-20171028-WA0038-768x432.jpg 768w, https:\/\/fanaye.com\/wp-content\/uploads\/2019\/01\/IMG-20171028-WA0038.jpg 1080w\" sizes=\"(max-width: 1024px) 100vw, 1024px\" \/><\/figure><\/li><li class=\"blocks-gallery-item\"><figure><img loading=\"lazy\" decoding=\"async\" width=\"1024\" height=\"576\" src=\"http:\/\/fanaye.com\/wp-content\/uploads\/2019\/01\/0111-1024x576.jpg\" alt=\"\" data-id=\"142\" data-link=\"http:\/\/fanaye.com\/index.php\/farena-en-images\/attachment\/0111\/\" class=\"wp-image-142\" srcset=\"https:\/\/fanaye.com\/wp-content\/uploads\/2019\/01\/0111-1024x576.jpg 1024w, https:\/\/fanaye.com\/wp-content\/uploads\/2019\/01\/0111-300x169.jpg 300w, https:\/\/fanaye.com\/wp-content\/uploads\/2019\/01\/0111-768x432.jpg 768w, https:\/\/fanaye.com\/wp-content\/uploads\/2019\/01\/0111.jpg 1080w\" sizes=\"(max-width: 1024px) 100vw, 1024px\" \/><\/figure><\/li><li class=\"blocks-gallery-item\"><figure><img loading=\"lazy\" decoding=\"async\" width=\"1024\" height=\"576\" src=\"http:\/\/fanaye.com\/wp-content\/uploads\/2019\/01\/0112-Copie-1024x576.jpg\" alt=\"\" data-id=\"143\" data-link=\"http:\/\/fanaye.com\/index.php\/farena-en-images\/0112-copie\/\" class=\"wp-image-143\" srcset=\"https:\/\/fanaye.com\/wp-content\/uploads\/2019\/01\/0112-Copie-1024x576.jpg 1024w, https:\/\/fanaye.com\/wp-content\/uploads\/2019\/01\/0112-Copie-300x169.jpg 300w, https:\/\/fanaye.com\/wp-content\/uploads\/2019\/01\/0112-Copie-768x432.jpg 768w, https:\/\/fanaye.com\/wp-content\/uploads\/2019\/01\/0112-Copie.jpg 1080w\" sizes=\"(max-width: 1024px) 100vw, 1024px\" \/><\/figure><\/li><li class=\"blocks-gallery-item\"><figure><img loading=\"lazy\" decoding=\"async\" width=\"1024\" height=\"576\" src=\"http:\/\/fanaye.com\/wp-content\/uploads\/2019\/01\/0112-1024x576.jpg\" alt=\"\" data-id=\"144\" data-link=\"http:\/\/fanaye.com\/index.php\/farena-en-images\/attachment\/0112\/\" class=\"wp-image-144\" srcset=\"https:\/\/fanaye.com\/wp-content\/uploads\/2019\/01\/0112-1024x576.jpg 1024w, https:\/\/fanaye.com\/wp-content\/uploads\/2019\/01\/0112-300x169.jpg 300w, https:\/\/fanaye.com\/wp-content\/uploads\/2019\/01\/0112-768x432.jpg 768w, https:\/\/fanaye.com\/wp-content\/uploads\/2019\/01\/0112.jpg 1080w\" sizes=\"(max-width: 1024px) 100vw, 1024px\" \/><\/figure><\/li><li class=\"blocks-gallery-item\"><figure><img loading=\"lazy\" decoding=\"async\" width=\"1024\" height=\"576\" src=\"http:\/\/fanaye.com\/wp-content\/uploads\/2019\/01\/0117-1024x576.jpg\" alt=\"\" data-id=\"145\" data-link=\"http:\/\/fanaye.com\/index.php\/farena-en-images\/attachment\/0117\/\" class=\"wp-image-145\" srcset=\"https:\/\/fanaye.com\/wp-content\/uploads\/2019\/01\/0117-1024x576.jpg 1024w, https:\/\/fanaye.com\/wp-content\/uploads\/2019\/01\/0117-300x169.jpg 300w, https:\/\/fanaye.com\/wp-content\/uploads\/2019\/01\/0117-768x432.jpg 768w, https:\/\/fanaye.com\/wp-content\/uploads\/2019\/01\/0117.jpg 1080w\" sizes=\"(max-width: 1024px) 100vw, 1024px\" \/><\/figure><\/li><li class=\"blocks-gallery-item\"><figure><img loading=\"lazy\" decoding=\"async\" width=\"1024\" height=\"576\" src=\"http:\/\/fanaye.com\/wp-content\/uploads\/2019\/01\/0120-1024x576.jpg\" alt=\"\" data-id=\"146\" data-link=\"http:\/\/fanaye.com\/index.php\/farena-en-images\/attachment\/0120\/\" class=\"wp-image-146\" srcset=\"https:\/\/fanaye.com\/wp-content\/uploads\/2019\/01\/0120-1024x576.jpg 1024w, https:\/\/fanaye.com\/wp-content\/uploads\/2019\/01\/0120-300x169.jpg 300w, https:\/\/fanaye.com\/wp-content\/uploads\/2019\/01\/0120-768x432.jpg 768w, https:\/\/fanaye.com\/wp-content\/uploads\/2019\/01\/0120.jpg 1080w\" sizes=\"(max-width: 1024px) 100vw, 1024px\" \/><\/figure><\/li><li class=\"blocks-gallery-item\"><figure><img loading=\"lazy\" decoding=\"async\" width=\"1024\" height=\"576\" src=\"http:\/\/fanaye.com\/wp-content\/uploads\/2019\/01\/0124-1024x576.jpg\" alt=\"\" data-id=\"147\" data-link=\"http:\/\/fanaye.com\/index.php\/farena-en-images\/attachment\/0124\/\" class=\"wp-image-147\" srcset=\"https:\/\/fanaye.com\/wp-content\/uploads\/2019\/01\/0124-1024x576.jpg 1024w, https:\/\/fanaye.com\/wp-content\/uploads\/2019\/01\/0124-300x169.jpg 300w, https:\/\/fanaye.com\/wp-content\/uploads\/2019\/01\/0124-768x432.jpg 768w, https:\/\/fanaye.com\/wp-content\/uploads\/2019\/01\/0124.jpg 1080w\" sizes=\"(max-width: 1024px) 100vw, 1024px\" \/><\/figure><\/li><li class=\"blocks-gallery-item\"><figure><img loading=\"lazy\" decoding=\"async\" width=\"1024\" height=\"576\" src=\"http:\/\/fanaye.com\/wp-content\/uploads\/2019\/01\/0111-Copie-1024x576.jpg\" alt=\"\" data-id=\"141\" data-link=\"http:\/\/fanaye.com\/index.php\/farena-en-images\/0111-copie\/\" class=\"wp-image-141\" srcset=\"https:\/\/fanaye.com\/wp-content\/uploads\/2019\/01\/0111-Copie-1024x576.jpg 1024w, https:\/\/fanaye.com\/wp-content\/uploads\/2019\/01\/0111-Copie-300x169.jpg 300w, https:\/\/fanaye.com\/wp-content\/uploads\/2019\/01\/0111-Copie-768x432.jpg 768w, https:\/\/fanaye.com\/wp-content\/uploads\/2019\/01\/0111-Copie.jpg 1080w\" sizes=\"(max-width: 1024px) 100vw, 1024px\" \/><\/figure><\/li><li class=\"blocks-gallery-item\"><figure><img loading=\"lazy\" decoding=\"async\" width=\"1024\" height=\"576\" src=\"http:\/\/fanaye.com\/wp-content\/uploads\/2019\/01\/0109-1024x576.jpg\" alt=\"\" data-id=\"140\" data-link=\"http:\/\/fanaye.com\/index.php\/farena-en-images\/attachment\/0109\/\" class=\"wp-image-140\" srcset=\"https:\/\/fanaye.com\/wp-content\/uploads\/2019\/01\/0109-1024x576.jpg 1024w, https:\/\/fanaye.com\/wp-content\/uploads\/2019\/01\/0109-300x169.jpg 300w, https:\/\/fanaye.com\/wp-content\/uploads\/2019\/01\/0109-768x432.jpg 768w, https:\/\/fanaye.com\/wp-content\/uploads\/2019\/01\/0109.jpg 1080w\" sizes=\"(max-width: 1024px) 100vw, 1024px\" \/><\/figure><\/li><li class=\"blocks-gallery-item\"><figure><img loading=\"lazy\" decoding=\"async\" width=\"1024\" height=\"576\" src=\"http:\/\/fanaye.com\/wp-content\/uploads\/2019\/01\/0109-Copie-1024x576.jpg\" alt=\"\" data-id=\"139\" data-link=\"http:\/\/fanaye.com\/index.php\/farena-en-images\/0109-copie\/\" class=\"wp-image-139\" srcset=\"https:\/\/fanaye.com\/wp-content\/uploads\/2019\/01\/0109-Copie-1024x576.jpg 1024w, https:\/\/fanaye.com\/wp-content\/uploads\/2019\/01\/0109-Copie-300x169.jpg 300w, https:\/\/fanaye.com\/wp-content\/uploads\/2019\/01\/0109-Copie-768x432.jpg 768w, https:\/\/fanaye.com\/wp-content\/uploads\/2019\/01\/0109-Copie.jpg 1080w\" sizes=\"(max-width: 1024px) 100vw, 1024px\" \/><\/figure><\/li><li class=\"blocks-gallery-item\"><figure><img loading=\"lazy\" decoding=\"async\" width=\"640\" height=\"360\" src=\"http:\/\/fanaye.com\/wp-content\/uploads\/2019\/01\/20171026_132508.jpg\" alt=\"\" data-id=\"87\" data-link=\"http:\/\/fanaye.com\/index.php\/rencontre\/20171026_132508\/\" class=\"wp-image-87\" srcset=\"https:\/\/fanaye.com\/wp-content\/uploads\/2019\/01\/20171026_132508.jpg 640w, https:\/\/fanaye.com\/wp-content\/uploads\/2019\/01\/20171026_132508-300x169.jpg 300w\" sizes=\"(max-width: 640px) 100vw, 640px\" \/><\/figure><\/li><li class=\"blocks-gallery-item\"><figure><img loading=\"lazy\" decoding=\"async\" width=\"640\" height=\"427\" src=\"http:\/\/fanaye.com\/wp-content\/uploads\/2019\/01\/DSC_0071.jpg\" alt=\"\" data-id=\"83\" data-link=\"http:\/\/fanaye.com\/dsc_0071\/\" class=\"wp-image-83\" srcset=\"https:\/\/fanaye.com\/wp-content\/uploads\/2019\/01\/DSC_0071.jpg 640w, https:\/\/fanaye.com\/wp-content\/uploads\/2019\/01\/DSC_0071-300x200.jpg 300w\" sizes=\"(max-width: 640px) 100vw, 640px\" \/><\/figure><\/li><li class=\"blocks-gallery-item\"><figure><img loading=\"lazy\" decoding=\"async\" width=\"640\" height=\"427\" src=\"http:\/\/fanaye.com\/wp-content\/uploads\/2019\/01\/DSC_0068.jpg\" alt=\"\" data-id=\"82\" data-link=\"http:\/\/fanaye.com\/dsc_0068\/\" class=\"wp-image-82\" srcset=\"https:\/\/fanaye.com\/wp-content\/uploads\/2019\/01\/DSC_0068.jpg 640w, https:\/\/fanaye.com\/wp-content\/uploads\/2019\/01\/DSC_0068-300x200.jpg 300w\" sizes=\"(max-width: 640px) 100vw, 640px\" \/><\/figure><\/li><li class=\"blocks-gallery-item\"><figure><img loading=\"lazy\" decoding=\"async\" width=\"640\" height=\"427\" src=\"http:\/\/fanaye.com\/wp-content\/uploads\/2019\/01\/DSC_0064.jpg\" alt=\"\" data-id=\"80\" data-link=\"http:\/\/fanaye.com\/index.php\/education\/dsc_0064\/\" class=\"wp-image-80\" srcset=\"https:\/\/fanaye.com\/wp-content\/uploads\/2019\/01\/DSC_0064.jpg 640w, https:\/\/fanaye.com\/wp-content\/uploads\/2019\/01\/DSC_0064-300x200.jpg 300w\" sizes=\"(max-width: 640px) 100vw, 640px\" \/><\/figure><\/li><\/ul>\n","protected":false},"excerpt":{"rendered":"<p>Le 27 octobre 2017, SE Christophe BIGOT Ambassadeur de France au S\u00e9n\u00e9gal, sa d\u00e9l\u00e9gation, l&rsquo;association Farena et toute la commune de Fanaye inaugurent le lyc\u00e9e Moderne de Fanaye.<\/p>\n","protected":false},"author":1,"featured_media":0,"parent":0,"menu_order":0,"comment_status":"closed","ping_status":"closed","template":"","meta":{"footnotes":""},"_links":{"self":[{"href":"https:\/\/fanaye.com\/index.php\/wp-json\/wp\/v2\/pages\/249"}],"collection":[{"href":"https:\/\/fanaye.com\/index.php\/wp-json\/wp\/v2\/pages"}],"about":[{"href":"https:\/\/fanaye.com\/index.php\/wp-json\/wp\/v2\/types\/page"}],"author":[{"embeddable":true,"href":"https:\/\/fanaye.com\/index.php\/wp-json\/wp\/v2\/users\/1"}],"replies":[{"embeddable":true,"href":"https:\/\/fanaye.com\/index.php\/wp-json\/wp\/v2\/comments?post=249"}],"version-history":[{"count":4,"href":"https:\/\/fanaye.com\/index.php\/wp-json\/wp\/v2\/pages\/249\/revisions"}],"predecessor-version":[{"id":262,"href":"https:\/\/fanaye.com\/index.php\/wp-json\/wp\/v2\/pages\/249\/revisions\/262"}],"wp:attachment":[{"href":"https:\/\/fanaye.com\/index.php\/wp-json\/wp\/v2\/media?parent=249"}],"curies":[{"name":"wp","href":"https:\/\/api.w.org\/{rel}","templated":true}]}}