{"id":13,"date":"2019-01-27T02:03:50","date_gmt":"2019-01-27T01:03:50","guid":{"rendered":"http:\/\/fanaye.com\/?page_id=13"},"modified":"2019-05-09T20:54:19","modified_gmt":"2019-05-09T18:54:19","slug":"nos-partenaires","status":"publish","type":"page","link":"https:\/\/fanaye.com\/index.php\/nos-partenaires\/","title":{"rendered":"Nos partenaires"},"content":{"rendered":"\n<p><strong>Pour la r\u00e9alisation de ses projets, FARENA est soutenue durant toutes ces ann\u00e9es par des partenaires sensibles aux objectifs d\u2019aides au d\u00e9veloppement qui sont la raison d\u2019\u00eatre de cette association. Il s\u2019agit entre autre de&nbsp;:<\/strong><\/p>\n\n\n\n<div class=\"wp-block-image\"><figure class=\"aligncenter is-resized\"><a href=\"https:\/\/paisd.sn\"><img loading=\"lazy\" decoding=\"async\" src=\"http:\/\/fanaye.com\/wp-content\/uploads\/2019\/03\/logo-PAISD-v2-1024x647.png\" alt=\"\" class=\"wp-image-279\" width=\"185\" height=\"117\" srcset=\"https:\/\/fanaye.com\/wp-content\/uploads\/2019\/03\/logo-PAISD-v2-1024x647.png 1024w, https:\/\/fanaye.com\/wp-content\/uploads\/2019\/03\/logo-PAISD-v2-300x189.png 300w, https:\/\/fanaye.com\/wp-content\/uploads\/2019\/03\/logo-PAISD-v2-768x485.png 768w, https:\/\/fanaye.com\/wp-content\/uploads\/2019\/03\/logo-PAISD-v2.png 1900w\" sizes=\"(max-width: 185px) 100vw, 185px\" \/><\/a><\/figure><\/div>\n\n\n\n<ul><li><strong>Ambassade France<\/strong> &#8211; <strong>PAISD <\/strong>(Projet \u00e9ducation Fanaye),<\/li><li><strong>FONDATION HOFFMANN <\/strong>Swiss (Projet \u00e9ducation et Solaire du lyc\u00e9e de Moderne de Fanaye),<\/li><li><strong>Maire de Fanaye<\/strong> ( pour l&rsquo;ensemble de nos projets)<\/li><li>L\u2019ONG <strong>Nord\/Sud<\/strong> GIRONDE&nbsp;(fourniture de mat\u00e9riels scolaire et m\u00e9dical&nbsp;; Parrainage des \u00e9coliers de FANAYE)<\/li><li> <strong><a href=\"https:\/\/www.orsys.com\" target=\"_blank\" rel=\"noopener noreferrer\">ORSYS Formation France <\/a><\/strong>&#8211; Soutien aux technologies informatiques <\/li><li><strong><a href=\"https:\/\/www.janssen.com\/france\" target=\"_blank\" rel=\"noopener noreferrer\">Johnson &amp; Johnson France<\/a><\/strong>( J&amp;J soci\u00e9t\u00e9 pharmaceutique )&nbsp;dont les subventions nous avaient permis de financer notre premier site Internet en 2007 <a href=\"http:\/\/www.fanaye.com\/\">fanaye.com<\/a><\/li><li>Les <strong>Minist\u00e8res des Finances,<\/strong>de <strong>la Sant\u00e9<\/strong> et de l&rsquo;<strong>\u00e9ducation nationale<\/strong> de la R\u00e9publique du S\u00e9n\u00e9gal (\u00e0 travers d\u2019aides diverses) .<\/li><li>L\u2019Association <strong>PASSERELLE<\/strong> (construction et \u00e9quipement de la biblioth\u00e8que)<\/li><li> <strong>KEUR SAMBA Paris<\/strong> &#8211; (Projet \u00c9ducation Fanaye) <\/li><li> <strong><a href=\"http:\/\/www.bagneux92.fr\" target=\"_blank\" rel=\"noopener noreferrer\">La Mairie de Bagneux<\/a><\/strong>&nbsp;(collaboration avec les jeunes de l\u2019association)&nbsp;;<\/li><li><strong>L\u2019 UEEFA <\/strong>(<strong>U<\/strong>nion des <strong>E<\/strong>l\u00e8ves et <strong>E<\/strong>tudiants de <strong>F<\/strong>anaye) \u00e0 travers la caravane annuelle de sant\u00e9&nbsp;;<\/li><li>L\u2019Association des <strong>ressortissants de Fanaye<\/strong> et vivant hors de la France (Etats-Unis, Italie, Gabon, Espagne, etc..)&nbsp;;<\/li><li>Le <strong>Coll\u00e8ge-Lyc\u00e9e Notre Dame Providence<\/strong> pour le projet de la salle Informatique \u00e9quip\u00e9e de panneaux solaires&nbsp;;<\/li><li><strong>Association des parents d&rsquo;\u00e9l\u00e8ves de Fanaye<\/strong> (Projet \u00e9ducation)<\/li><li>Des nombreuses personnes de bonne volont\u00e9 (\u00e0 travers des soutiens efficaces et discrets).<\/li><\/ul>\n\n\n\n<p><\/p>\n","protected":false},"excerpt":{"rendered":"<p>Pour la r\u00e9alisation de ses projets, FARENA est soutenue durant toutes ces ann\u00e9es par des partenaires sensibles aux objectifs d\u2019aides au d\u00e9veloppement qui sont la raison d\u2019\u00eatre de cette association. Il s\u2019agit entre autre de&nbsp;: Ambassade France &#8211; PAISD (Projet \u00e9ducation Fanaye), FONDATION HOFFMANN Swiss (Projet \u00e9ducation et Solaire du lyc\u00e9e de Moderne de Fanaye), [&hellip;]<\/p>\n","protected":false},"author":1,"featured_media":0,"parent":0,"menu_order":0,"comment_status":"closed","ping_status":"closed","template":"","meta":{"footnotes":""},"_links":{"self":[{"href":"https:\/\/fanaye.com\/index.php\/wp-json\/wp\/v2\/pages\/13"}],"collection":[{"href":"https:\/\/fanaye.com\/index.php\/wp-json\/wp\/v2\/pages"}],"about":[{"href":"https:\/\/fanaye.com\/index.php\/wp-json\/wp\/v2\/types\/page"}],"author":[{"embeddable":true,"href":"https:\/\/fanaye.com\/index.php\/wp-json\/wp\/v2\/users\/1"}],"replies":[{"embeddable":true,"href":"https:\/\/fanaye.com\/index.php\/wp-json\/wp\/v2\/comments?post=13"}],"version-history":[{"count":24,"href":"https:\/\/fanaye.com\/index.php\/wp-json\/wp\/v2\/pages\/13\/revisions"}],"predecessor-version":[{"id":341,"href":"https:\/\/fanaye.com\/index.php\/wp-json\/wp\/v2\/pages\/13\/revisions\/341"}],"wp:attachment":[{"href":"https:\/\/fanaye.com\/index.php\/wp-json\/wp\/v2\/media?parent=13"}],"curies":[{"name":"wp","href":"https:\/\/api.w.org\/{rel}","templated":true}]}}